{"id":240,"date":"2023-01-20T12:03:57","date_gmt":"2023-01-20T15:03:57","guid":{"rendered":"https:\/\/localhost\/sync\/pet-anjo\/wp\/?page_id=240"},"modified":"2023-01-20T12:03:57","modified_gmt":"2023-01-20T15:03:57","slug":"pet-stories","status":"publish","type":"page","link":"https:\/\/petanjo.com\/blog\/pet-stories\/","title":{"rendered":"PET Stories"},"content":{"rendered":"","protected":false},"excerpt":{"rendered":"","protected":false},"author":1,"featured_media":0,"parent":0,"menu_order":0,"comment_status":"closed","ping_status":"closed","template":"page-petstories.php","meta":{"_acf_changed":false,"footnotes":""},"class_list":["post-240","page","type-page","status-publish","hentry"],"acf":[],"yoast_head":"<!-- This site is optimized with the Yoast SEO plugin v27.0 - https:\/\/yoast.com\/product\/yoast-seo-wordpress\/ -->\n<title>PET Stories - Blog da Pet Anjo<\/title>\n<meta name=\"robots\" content=\"index, follow, max-snippet:-1, max-image-preview:large, max-video-preview:-1\" \/>\n<link rel=\"canonical\" href=\"https:\/\/petanjo.com\/blog\/pet-stories\/\" \/>\n<meta property=\"og:locale\" content=\"pt_BR\" \/>\n<meta property=\"og:type\" content=\"article\" \/>\n<meta property=\"og:title\" content=\"PET Stories - Blog da Pet Anjo\" \/>\n<meta property=\"og:url\" content=\"https:\/\/petanjo.com\/blog\/pet-stories\/\" \/>\n<meta property=\"og:site_name\" content=\"Blog da Pet Anjo\" \/>\n<meta property=\"article:publisher\" content=\"http:\/\/facebook.com\/petanjo\" \/>\n<meta name=\"twitter:card\" content=\"summary_large_image\" \/>\n<meta name=\"twitter:site\" content=\"@petanjo\" \/>\n<script type=\"application\/ld+json\" class=\"yoast-schema-graph\">{\"@context\":\"https:\/\/schema.org\",\"@graph\":[{\"@type\":\"WebPage\",\"@id\":\"https:\/\/petanjo.com\/blog\/pet-stories\/\",\"url\":\"https:\/\/petanjo.com\/blog\/pet-stories\/\",\"name\":\"PET Stories - Blog da Pet Anjo\",\"isPartOf\":{\"@id\":\"https:\/\/petanjo.com\/blog\/#website\"},\"datePublished\":\"2023-01-20T15:03:57+00:00\",\"breadcrumb\":{\"@id\":\"https:\/\/petanjo.com\/blog\/pet-stories\/#breadcrumb\"},\"inLanguage\":\"pt-BR\",\"potentialAction\":[{\"@type\":\"ReadAction\",\"target\":[\"https:\/\/petanjo.com\/blog\/pet-stories\/\"]}]},{\"@type\":\"BreadcrumbList\",\"@id\":\"https:\/\/petanjo.com\/blog\/pet-stories\/#breadcrumb\",\"itemListElement\":[{\"@type\":\"ListItem\",\"position\":1,\"name\":\"Home\",\"item\":\"https:\/\/petanjo.com\/blog\/\"},{\"@type\":\"ListItem\",\"position\":2,\"name\":\"PET Stories\"}]},{\"@type\":\"WebSite\",\"@id\":\"https:\/\/petanjo.com\/blog\/#website\",\"url\":\"https:\/\/petanjo.com\/blog\/\",\"name\":\"Blog da Pet Anjo\",\"description\":\"Tudo que voc\u00ea precisa saber sobre c\u00e3es, gatos e todo o universo pet em um s\u00f3 lugar.\",\"publisher\":{\"@id\":\"https:\/\/petanjo.com\/blog\/#organization\"},\"potentialAction\":[{\"@type\":\"SearchAction\",\"target\":{\"@type\":\"EntryPoint\",\"urlTemplate\":\"https:\/\/petanjo.com\/blog\/?s={search_term_string}\"},\"query-input\":{\"@type\":\"PropertyValueSpecification\",\"valueRequired\":true,\"valueName\":\"search_term_string\"}}],\"inLanguage\":\"pt-BR\"},{\"@type\":\"Organization\",\"@id\":\"https:\/\/petanjo.com\/blog\/#organization\",\"name\":\"Pet Anjo\",\"url\":\"https:\/\/petanjo.com\/blog\/\",\"logo\":{\"@type\":\"ImageObject\",\"inLanguage\":\"pt-BR\",\"@id\":\"https:\/\/petanjo.com\/blog\/#\/schema\/logo\/image\/\",\"url\":\"https:\/\/petanjo.com\/blog\/wp-content\/uploads\/2023\/06\/logo-blog-pet-anjo-3.jpg\",\"contentUrl\":\"https:\/\/petanjo.com\/blog\/wp-content\/uploads\/2023\/06\/logo-blog-pet-anjo-3.jpg\",\"width\":512,\"height\":512,\"caption\":\"Pet Anjo\"},\"image\":{\"@id\":\"https:\/\/petanjo.com\/blog\/#\/schema\/logo\/image\/\"},\"sameAs\":[\"http:\/\/facebook.com\/petanjo\",\"https:\/\/x.com\/petanjo\",\"http:\/\/instagram.com\/petanjo\",\"https:\/\/www.linkedin.com\/company\/pet-anjo\",\"https:\/\/www.youtube.com\/channel\/UCvCg_7bkbqbsokKV3UOqpsg\"]}]}<\/script>\n<!-- \/ Yoast SEO plugin. -->","yoast_head_json":{"title":"PET Stories - Blog da Pet Anjo","robots":{"index":"index","follow":"follow","max-snippet":"max-snippet:-1","max-image-preview":"max-image-preview:large","max-video-preview":"max-video-preview:-1"},"canonical":"https:\/\/petanjo.com\/blog\/pet-stories\/","og_locale":"pt_BR","og_type":"article","og_title":"PET Stories - Blog da Pet Anjo","og_url":"https:\/\/petanjo.com\/blog\/pet-stories\/","og_site_name":"Blog da Pet Anjo","article_publisher":"http:\/\/facebook.com\/petanjo","twitter_card":"summary_large_image","twitter_site":"@petanjo","schema":{"@context":"https:\/\/schema.org","@graph":[{"@type":"WebPage","@id":"https:\/\/petanjo.com\/blog\/pet-stories\/","url":"https:\/\/petanjo.com\/blog\/pet-stories\/","name":"PET Stories - Blog da Pet Anjo","isPartOf":{"@id":"https:\/\/petanjo.com\/blog\/#website"},"datePublished":"2023-01-20T15:03:57+00:00","breadcrumb":{"@id":"https:\/\/petanjo.com\/blog\/pet-stories\/#breadcrumb"},"inLanguage":"pt-BR","potentialAction":[{"@type":"ReadAction","target":["https:\/\/petanjo.com\/blog\/pet-stories\/"]}]},{"@type":"BreadcrumbList","@id":"https:\/\/petanjo.com\/blog\/pet-stories\/#breadcrumb","itemListElement":[{"@type":"ListItem","position":1,"name":"Home","item":"https:\/\/petanjo.com\/blog\/"},{"@type":"ListItem","position":2,"name":"PET Stories"}]},{"@type":"WebSite","@id":"https:\/\/petanjo.com\/blog\/#website","url":"https:\/\/petanjo.com\/blog\/","name":"Blog da Pet Anjo","description":"Tudo que voc\u00ea precisa saber sobre c\u00e3es, gatos e todo o universo pet em um s\u00f3 lugar.","publisher":{"@id":"https:\/\/petanjo.com\/blog\/#organization"},"potentialAction":[{"@type":"SearchAction","target":{"@type":"EntryPoint","urlTemplate":"https:\/\/petanjo.com\/blog\/?s={search_term_string}"},"query-input":{"@type":"PropertyValueSpecification","valueRequired":true,"valueName":"search_term_string"}}],"inLanguage":"pt-BR"},{"@type":"Organization","@id":"https:\/\/petanjo.com\/blog\/#organization","name":"Pet Anjo","url":"https:\/\/petanjo.com\/blog\/","logo":{"@type":"ImageObject","inLanguage":"pt-BR","@id":"https:\/\/petanjo.com\/blog\/#\/schema\/logo\/image\/","url":"https:\/\/petanjo.com\/blog\/wp-content\/uploads\/2023\/06\/logo-blog-pet-anjo-3.jpg","contentUrl":"https:\/\/petanjo.com\/blog\/wp-content\/uploads\/2023\/06\/logo-blog-pet-anjo-3.jpg","width":512,"height":512,"caption":"Pet Anjo"},"image":{"@id":"https:\/\/petanjo.com\/blog\/#\/schema\/logo\/image\/"},"sameAs":["http:\/\/facebook.com\/petanjo","https:\/\/x.com\/petanjo","http:\/\/instagram.com\/petanjo","https:\/\/www.linkedin.com\/company\/pet-anjo","https:\/\/www.youtube.com\/channel\/UCvCg_7bkbqbsokKV3UOqpsg"]}]}},"_links":{"self":[{"href":"https:\/\/petanjo.com\/blog\/wp-json\/wp\/v2\/pages\/240","targetHints":{"allow":["GET"]}}],"collection":[{"href":"https:\/\/petanjo.com\/blog\/wp-json\/wp\/v2\/pages"}],"about":[{"href":"https:\/\/petanjo.com\/blog\/wp-json\/wp\/v2\/types\/page"}],"author":[{"embeddable":true,"href":"https:\/\/petanjo.com\/blog\/wp-json\/wp\/v2\/users\/1"}],"replies":[{"embeddable":true,"href":"https:\/\/petanjo.com\/blog\/wp-json\/wp\/v2\/comments?post=240"}],"version-history":[{"count":0,"href":"https:\/\/petanjo.com\/blog\/wp-json\/wp\/v2\/pages\/240\/revisions"}],"wp:attachment":[{"href":"https:\/\/petanjo.com\/blog\/wp-json\/wp\/v2\/media?parent=240"}],"curies":[{"name":"wp","href":"https:\/\/api.w.org\/{rel}","templated":true}]}}