{"id":243,"date":"2023-01-20T12:18:54","date_gmt":"2023-01-20T15:18:54","guid":{"rendered":"https:\/\/localhost\/sync\/pet-anjo\/wp\/?page_id=243"},"modified":"2026-03-20T17:24:22","modified_gmt":"2026-03-20T20:24:22","slug":"quem-somos","status":"publish","type":"page","link":"https:\/\/petanjo.com\/blog\/quem-somos\/","title":{"rendered":"Quem Somos"},"content":{"rendered":"<p><span data-contrast=\"auto\">A Pet Anjo se consolida\u00a0hoje\u00a0como franquia especializada em Banho &amp; Tosa e cl\u00ednica veterin\u00e1ria\u00a0unindo amor, respeito, t\u00e9cnica e conhecimento constante para promover o bem-estar dos animais de estima\u00e7\u00e3o.<\/span><span data-ccp-props=\"{}\">\u00a0<\/span><\/p>\n<p><b><span data-contrast=\"auto\">Nossa hist\u00f3ria<\/span><\/b><span data-ccp-props=\"{}\">\u00a0<\/span><\/p>\n<p><span data-contrast=\"auto\">A Pet Anjo nasceu em 2014 com o prop\u00f3sito de transformar a forma como os cuidados com pets s\u00e3o oferecidos no pa\u00eds, sempre colocando o animal no centro de todas as decis\u00f5es.<\/span><span data-ccp-props=\"{}\">\u00a0<\/span><\/p>\n<p><span data-contrast=\"auto\">Ao longo de sua trajet\u00f3ria, a marca construiu um m\u00e9todo pr\u00f3prio baseado em educa\u00e7\u00e3o cont\u00ednua, qualifica\u00e7\u00e3o profissional e pr\u00e1ticas respons\u00e1veis, criando um padr\u00e3o de cuidado no mercado pet brasileiro.<\/span><span data-ccp-props=\"{}\">\u00a0<\/span><\/p>\n<p><span data-contrast=\"auto\">A for\u00e7a da marca, seu prop\u00f3sito social e seu modelo de atua\u00e7\u00e3o atra\u00edram o interesse de grandes players do setor, incluindo a Cobasi, l\u00edder do mercado pet no Brasil.<\/span><span data-ccp-props=\"{}\">\u00a0<\/span><\/p>\n<p><span data-contrast=\"auto\">Em 2021, a Pet Anjo passou a integrar oficialmente o Grupo Cobasi, tornando-se uma marca parceira dentro de um ecossistema s\u00f3lido e reconhecido, com quase quatro d\u00e9cadas de atua\u00e7\u00e3o no pa\u00eds.<\/span><span data-ccp-props=\"{}\">\u00a0<\/span><\/p>\n<p><span data-contrast=\"auto\">Hoje, a Pet Anjo vive um novo cap\u00edtulo de sua hist\u00f3ria, focada na expans\u00e3o nacional de franquias de Banho &amp; Tosa\u00a0e Cl\u00ednica Veterin\u00e1ria, levando sua metodologia, padr\u00e3o de qualidade e cuidado humanizado para unidades f\u00edsicas em todo o Brasil.<\/span><span data-ccp-props=\"{}\">\u00a0<\/span><\/p>\n<p><b><span data-contrast=\"auto\">Nosso modelo de neg\u00f3cio<\/span><\/b><span data-ccp-props=\"{}\">\u00a0<\/span><\/p>\n<p><b><span data-contrast=\"auto\">Profissionais comprometidos<\/span><\/b><span data-ccp-props=\"{}\">\u00a0<\/span><\/p>\n<p><span data-contrast=\"auto\">As franquias Pet Anjo contam com profissionais especializados em Banho &amp; Tosa\u00a0treinados segundo os padr\u00f5es da marca\u00a0e m\u00e9dicos veterin\u00e1rios. S\u00e3o pessoas comprometidas com o bem-estar animal, a excel\u00eancia no atendimento e a confian\u00e7a dos tutores.<\/span><span data-ccp-props=\"{}\">\u00a0<\/span><\/p>\n<p><b><span data-contrast=\"auto\">Estrutura que suporta e fortalece<\/span><\/b><span data-ccp-props=\"{}\">\u00a0<\/span><\/p>\n<p><span data-contrast=\"auto\">As franquias contam com o suporte do ecossistema Cobasi, incluindo fluxo qualificado de clientes, apoio operacional, marketing e comunica\u00e7\u00e3o institucional.<\/span><span data-ccp-props=\"{}\">\u00a0<\/span><\/p>\n<p><b><span data-contrast=\"auto\">A Pet Anjo \u00e9 confi\u00e1vel?<\/span><\/b><span data-ccp-props=\"{}\">\u00a0<\/span><\/p>\n<p><span data-contrast=\"auto\">Sim. A Pet Anjo construiu sua reputa\u00e7\u00e3o com base em processos rigorosos,<\/span><b><span data-contrast=\"auto\">\u00a0<\/span><\/b><span data-contrast=\"auto\">forma\u00e7\u00e3o profissional e cuidado genu\u00edno com os animais. A marca \u00e9 reconhecida por seu compromisso com o bem-estar pet, pela transpar\u00eancia e pelo alto padr\u00e3o de qualidade em seus servi\u00e7os.<\/span><span data-ccp-props=\"{}\">\u00a0<\/span><\/p>\n<p><span data-contrast=\"auto\">Mais do que uma empresa, a Pet Anjo \u00e9 um prop\u00f3sito compartilhado por pessoas que acreditam que cuidar de um animal exige respeito, t\u00e9cnica, conhecimento e amor.<\/span><span data-ccp-props=\"{}\">\u00a0<\/span><\/p>\n","protected":false},"excerpt":{"rendered":"<p>A Pet Anjo se consolida\u00a0hoje\u00a0como franquia especializada em Banho &amp; Tosa e cl\u00ednica veterin\u00e1ria\u00a0unindo amor, respeito, t\u00e9cnica e conhecimento constante para promover o bem-estar dos animais de estima\u00e7\u00e3o.\u00a0 Nossa hist\u00f3ria\u00a0<\/p>\n","protected":false},"author":1,"featured_media":53886,"parent":0,"menu_order":0,"comment_status":"closed","ping_status":"closed","template":"page-institucional-posts.php","meta":{"_acf_changed":false,"footnotes":""},"class_list":["post-243","page","type-page","status-publish","has-post-thumbnail","hentry"],"acf":[],"yoast_head":"<!-- This site is optimized with the Yoast SEO plugin v27.0 - https:\/\/yoast.com\/product\/yoast-seo-wordpress\/ -->\n<title>Quem Somos - Blog da Pet Anjo<\/title>\n<meta name=\"robots\" content=\"index, follow, max-snippet:-1, max-image-preview:large, max-video-preview:-1\" \/>\n<link rel=\"canonical\" href=\"https:\/\/petanjo.com\/blog\/quem-somos\/\" \/>\n<meta property=\"og:locale\" content=\"pt_BR\" \/>\n<meta property=\"og:type\" content=\"article\" \/>\n<meta property=\"og:title\" content=\"Quem Somos - Blog da Pet Anjo\" \/>\n<meta property=\"og:description\" content=\"A Pet Anjo se consolida\u00a0hoje\u00a0como franquia especializada em Banho &amp; Tosa e cl\u00ednica veterin\u00e1ria\u00a0unindo amor, respeito, t\u00e9cnica e conhecimento constante para promover o bem-estar dos animais de estima\u00e7\u00e3o.\u00a0 Nossa hist\u00f3ria\u00a0\" \/>\n<meta property=\"og:url\" content=\"https:\/\/petanjo.com\/blog\/quem-somos\/\" \/>\n<meta property=\"og:site_name\" content=\"Blog da Pet Anjo\" \/>\n<meta property=\"article:publisher\" content=\"http:\/\/facebook.com\/petanjo\" \/>\n<meta property=\"article:modified_time\" content=\"2026-03-20T20:24:22+00:00\" \/>\n<meta property=\"og:image\" content=\"https:\/\/petanjo.com\/blog\/wp-content\/uploads\/2023\/04\/pet-anjo-quem-somos-7-1.jpg\" \/>\n\t<meta property=\"og:image:width\" content=\"2048\" \/>\n\t<meta property=\"og:image:height\" content=\"1366\" \/>\n\t<meta property=\"og:image:type\" content=\"image\/jpeg\" \/>\n<meta name=\"twitter:card\" content=\"summary_large_image\" \/>\n<meta name=\"twitter:site\" content=\"@petanjo\" \/>\n<meta name=\"twitter:label1\" content=\"Est. tempo de leitura\" \/>\n\t<meta name=\"twitter:data1\" content=\"3 minutos\" \/>\n<script type=\"application\/ld+json\" class=\"yoast-schema-graph\">{\"@context\":\"https:\/\/schema.org\",\"@graph\":[{\"@type\":\"WebPage\",\"@id\":\"https:\/\/petanjo.com\/blog\/quem-somos\/\",\"url\":\"https:\/\/petanjo.com\/blog\/quem-somos\/\",\"name\":\"Quem Somos - Blog da Pet Anjo\",\"isPartOf\":{\"@id\":\"https:\/\/petanjo.com\/blog\/#website\"},\"primaryImageOfPage\":{\"@id\":\"https:\/\/petanjo.com\/blog\/quem-somos\/#primaryimage\"},\"image\":{\"@id\":\"https:\/\/petanjo.com\/blog\/quem-somos\/#primaryimage\"},\"thumbnailUrl\":\"https:\/\/petanjo.com\/blog\/wp-content\/uploads\/2023\/04\/pet-anjo-quem-somos-7-1.jpg\",\"datePublished\":\"2023-01-20T15:18:54+00:00\",\"dateModified\":\"2026-03-20T20:24:22+00:00\",\"breadcrumb\":{\"@id\":\"https:\/\/petanjo.com\/blog\/quem-somos\/#breadcrumb\"},\"inLanguage\":\"pt-BR\",\"potentialAction\":[{\"@type\":\"ReadAction\",\"target\":[\"https:\/\/petanjo.com\/blog\/quem-somos\/\"]}]},{\"@type\":\"ImageObject\",\"inLanguage\":\"pt-BR\",\"@id\":\"https:\/\/petanjo.com\/blog\/quem-somos\/#primaryimage\",\"url\":\"https:\/\/petanjo.com\/blog\/wp-content\/uploads\/2023\/04\/pet-anjo-quem-somos-7-1.jpg\",\"contentUrl\":\"https:\/\/petanjo.com\/blog\/wp-content\/uploads\/2023\/04\/pet-anjo-quem-somos-7-1.jpg\",\"width\":2048,\"height\":1366},{\"@type\":\"BreadcrumbList\",\"@id\":\"https:\/\/petanjo.com\/blog\/quem-somos\/#breadcrumb\",\"itemListElement\":[{\"@type\":\"ListItem\",\"position\":1,\"name\":\"Home\",\"item\":\"https:\/\/petanjo.com\/blog\/\"},{\"@type\":\"ListItem\",\"position\":2,\"name\":\"Quem Somos\"}]},{\"@type\":\"WebSite\",\"@id\":\"https:\/\/petanjo.com\/blog\/#website\",\"url\":\"https:\/\/petanjo.com\/blog\/\",\"name\":\"Blog da Pet Anjo\",\"description\":\"Tudo que voc\u00ea precisa saber sobre c\u00e3es, gatos e todo o universo pet em um s\u00f3 lugar.\",\"publisher\":{\"@id\":\"https:\/\/petanjo.com\/blog\/#organization\"},\"potentialAction\":[{\"@type\":\"SearchAction\",\"target\":{\"@type\":\"EntryPoint\",\"urlTemplate\":\"https:\/\/petanjo.com\/blog\/?s={search_term_string}\"},\"query-input\":{\"@type\":\"PropertyValueSpecification\",\"valueRequired\":true,\"valueName\":\"search_term_string\"}}],\"inLanguage\":\"pt-BR\"},{\"@type\":\"Organization\",\"@id\":\"https:\/\/petanjo.com\/blog\/#organization\",\"name\":\"Pet Anjo\",\"url\":\"https:\/\/petanjo.com\/blog\/\",\"logo\":{\"@type\":\"ImageObject\",\"inLanguage\":\"pt-BR\",\"@id\":\"https:\/\/petanjo.com\/blog\/#\/schema\/logo\/image\/\",\"url\":\"https:\/\/petanjo.com\/blog\/wp-content\/uploads\/2023\/06\/logo-blog-pet-anjo-3.jpg\",\"contentUrl\":\"https:\/\/petanjo.com\/blog\/wp-content\/uploads\/2023\/06\/logo-blog-pet-anjo-3.jpg\",\"width\":512,\"height\":512,\"caption\":\"Pet Anjo\"},\"image\":{\"@id\":\"https:\/\/petanjo.com\/blog\/#\/schema\/logo\/image\/\"},\"sameAs\":[\"http:\/\/facebook.com\/petanjo\",\"https:\/\/x.com\/petanjo\",\"http:\/\/instagram.com\/petanjo\",\"https:\/\/www.linkedin.com\/company\/pet-anjo\",\"https:\/\/www.youtube.com\/channel\/UCvCg_7bkbqbsokKV3UOqpsg\"]}]}<\/script>\n<!-- \/ Yoast SEO plugin. -->","yoast_head_json":{"title":"Quem Somos - Blog da Pet Anjo","robots":{"index":"index","follow":"follow","max-snippet":"max-snippet:-1","max-image-preview":"max-image-preview:large","max-video-preview":"max-video-preview:-1"},"canonical":"https:\/\/petanjo.com\/blog\/quem-somos\/","og_locale":"pt_BR","og_type":"article","og_title":"Quem Somos - Blog da Pet Anjo","og_description":"A Pet Anjo se consolida\u00a0hoje\u00a0como franquia especializada em Banho &amp; Tosa e cl\u00ednica veterin\u00e1ria\u00a0unindo amor, respeito, t\u00e9cnica e conhecimento constante para promover o bem-estar dos animais de estima\u00e7\u00e3o.\u00a0 Nossa hist\u00f3ria\u00a0","og_url":"https:\/\/petanjo.com\/blog\/quem-somos\/","og_site_name":"Blog da Pet Anjo","article_publisher":"http:\/\/facebook.com\/petanjo","article_modified_time":"2026-03-20T20:24:22+00:00","og_image":[{"width":2048,"height":1366,"url":"https:\/\/petanjo.com\/blog\/wp-content\/uploads\/2023\/04\/pet-anjo-quem-somos-7-1.jpg","type":"image\/jpeg"}],"twitter_card":"summary_large_image","twitter_site":"@petanjo","twitter_misc":{"Est. tempo de leitura":"3 minutos"},"schema":{"@context":"https:\/\/schema.org","@graph":[{"@type":"WebPage","@id":"https:\/\/petanjo.com\/blog\/quem-somos\/","url":"https:\/\/petanjo.com\/blog\/quem-somos\/","name":"Quem Somos - Blog da Pet Anjo","isPartOf":{"@id":"https:\/\/petanjo.com\/blog\/#website"},"primaryImageOfPage":{"@id":"https:\/\/petanjo.com\/blog\/quem-somos\/#primaryimage"},"image":{"@id":"https:\/\/petanjo.com\/blog\/quem-somos\/#primaryimage"},"thumbnailUrl":"https:\/\/petanjo.com\/blog\/wp-content\/uploads\/2023\/04\/pet-anjo-quem-somos-7-1.jpg","datePublished":"2023-01-20T15:18:54+00:00","dateModified":"2026-03-20T20:24:22+00:00","breadcrumb":{"@id":"https:\/\/petanjo.com\/blog\/quem-somos\/#breadcrumb"},"inLanguage":"pt-BR","potentialAction":[{"@type":"ReadAction","target":["https:\/\/petanjo.com\/blog\/quem-somos\/"]}]},{"@type":"ImageObject","inLanguage":"pt-BR","@id":"https:\/\/petanjo.com\/blog\/quem-somos\/#primaryimage","url":"https:\/\/petanjo.com\/blog\/wp-content\/uploads\/2023\/04\/pet-anjo-quem-somos-7-1.jpg","contentUrl":"https:\/\/petanjo.com\/blog\/wp-content\/uploads\/2023\/04\/pet-anjo-quem-somos-7-1.jpg","width":2048,"height":1366},{"@type":"BreadcrumbList","@id":"https:\/\/petanjo.com\/blog\/quem-somos\/#breadcrumb","itemListElement":[{"@type":"ListItem","position":1,"name":"Home","item":"https:\/\/petanjo.com\/blog\/"},{"@type":"ListItem","position":2,"name":"Quem Somos"}]},{"@type":"WebSite","@id":"https:\/\/petanjo.com\/blog\/#website","url":"https:\/\/petanjo.com\/blog\/","name":"Blog da Pet Anjo","description":"Tudo que voc\u00ea precisa saber sobre c\u00e3es, gatos e todo o universo pet em um s\u00f3 lugar.","publisher":{"@id":"https:\/\/petanjo.com\/blog\/#organization"},"potentialAction":[{"@type":"SearchAction","target":{"@type":"EntryPoint","urlTemplate":"https:\/\/petanjo.com\/blog\/?s={search_term_string}"},"query-input":{"@type":"PropertyValueSpecification","valueRequired":true,"valueName":"search_term_string"}}],"inLanguage":"pt-BR"},{"@type":"Organization","@id":"https:\/\/petanjo.com\/blog\/#organization","name":"Pet Anjo","url":"https:\/\/petanjo.com\/blog\/","logo":{"@type":"ImageObject","inLanguage":"pt-BR","@id":"https:\/\/petanjo.com\/blog\/#\/schema\/logo\/image\/","url":"https:\/\/petanjo.com\/blog\/wp-content\/uploads\/2023\/06\/logo-blog-pet-anjo-3.jpg","contentUrl":"https:\/\/petanjo.com\/blog\/wp-content\/uploads\/2023\/06\/logo-blog-pet-anjo-3.jpg","width":512,"height":512,"caption":"Pet Anjo"},"image":{"@id":"https:\/\/petanjo.com\/blog\/#\/schema\/logo\/image\/"},"sameAs":["http:\/\/facebook.com\/petanjo","https:\/\/x.com\/petanjo","http:\/\/instagram.com\/petanjo","https:\/\/www.linkedin.com\/company\/pet-anjo","https:\/\/www.youtube.com\/channel\/UCvCg_7bkbqbsokKV3UOqpsg"]}]}},"_links":{"self":[{"href":"https:\/\/petanjo.com\/blog\/wp-json\/wp\/v2\/pages\/243","targetHints":{"allow":["GET"]}}],"collection":[{"href":"https:\/\/petanjo.com\/blog\/wp-json\/wp\/v2\/pages"}],"about":[{"href":"https:\/\/petanjo.com\/blog\/wp-json\/wp\/v2\/types\/page"}],"author":[{"embeddable":true,"href":"https:\/\/petanjo.com\/blog\/wp-json\/wp\/v2\/users\/1"}],"replies":[{"embeddable":true,"href":"https:\/\/petanjo.com\/blog\/wp-json\/wp\/v2\/comments?post=243"}],"version-history":[{"count":10,"href":"https:\/\/petanjo.com\/blog\/wp-json\/wp\/v2\/pages\/243\/revisions"}],"predecessor-version":[{"id":55998,"href":"https:\/\/petanjo.com\/blog\/wp-json\/wp\/v2\/pages\/243\/revisions\/55998"}],"wp:featuredmedia":[{"embeddable":true,"href":"https:\/\/petanjo.com\/blog\/wp-json\/wp\/v2\/media\/53886"}],"wp:attachment":[{"href":"https:\/\/petanjo.com\/blog\/wp-json\/wp\/v2\/media?parent=243"}],"curies":[{"name":"wp","href":"https:\/\/api.w.org\/{rel}","templated":true}]}}