{"id":288,"date":"2023-01-20T16:30:24","date_gmt":"2023-01-20T19:30:24","guid":{"rendered":"https:\/\/localhost\/sync\/pet-anjo\/wp\/?page_id=288"},"modified":"2023-04-03T13:21:08","modified_gmt":"2023-04-03T16:21:08","slug":"imprensa","status":"publish","type":"page","link":"https:\/\/petanjo.com\/blog\/imprensa\/","title":{"rendered":"Imprensa"},"content":{"rendered":"<p>Lorem ipsum dolor sit amet, consectetur adipiscing elit. Aenean euismod bibendum laoreet. Proin gravida dolor sit amet lacus accumsan et viverra justo commodo. Proin sodales pulvinar sic tempor. Sociis natoque penatibus et magnis dis parturient montes, nascetur ridiculus mus. Nam fermentum, nulla luctus pharetra vulputate, felis tellus mollis orci, sed rhoncus pronin<\/p>\n","protected":false},"excerpt":{"rendered":"<p>Lorem ipsum dolor sit amet, consectetur adipiscing elit. Aenean euismod bibendum laoreet. Proin gravida dolor sit amet lacus accumsan et viverra justo commodo. Proin sodales pulvinar sic tempor. Sociis natoque<\/p>\n","protected":false},"author":1,"featured_media":0,"parent":0,"menu_order":0,"comment_status":"closed","ping_status":"closed","template":"page-imprensa.php","meta":{"_acf_changed":false,"footnotes":""},"class_list":["post-288","page","type-page","status-publish","hentry"],"acf":[],"yoast_head":"<!-- This site is optimized with the Yoast SEO plugin v27.0 - https:\/\/yoast.com\/product\/yoast-seo-wordpress\/ -->\n<title>Imprensa - Blog da Pet Anjo<\/title>\n<meta name=\"robots\" content=\"index, follow, max-snippet:-1, max-image-preview:large, max-video-preview:-1\" \/>\n<link rel=\"canonical\" href=\"https:\/\/petanjo.com\/blog\/imprensa\/\" \/>\n<meta property=\"og:locale\" content=\"pt_BR\" \/>\n<meta property=\"og:type\" content=\"article\" \/>\n<meta property=\"og:title\" content=\"Imprensa - Blog da Pet Anjo\" \/>\n<meta property=\"og:description\" content=\"Lorem ipsum dolor sit amet, consectetur adipiscing elit. Aenean euismod bibendum laoreet. Proin gravida dolor sit amet lacus accumsan et viverra justo commodo. Proin sodales pulvinar sic tempor. Sociis natoque\" \/>\n<meta property=\"og:url\" content=\"https:\/\/petanjo.com\/blog\/imprensa\/\" \/>\n<meta property=\"og:site_name\" content=\"Blog da Pet Anjo\" \/>\n<meta property=\"article:publisher\" content=\"http:\/\/facebook.com\/petanjo\" \/>\n<meta property=\"article:modified_time\" content=\"2023-04-03T16:21:08+00:00\" \/>\n<meta name=\"twitter:card\" content=\"summary_large_image\" \/>\n<meta name=\"twitter:site\" content=\"@petanjo\" \/>\n<meta name=\"twitter:label1\" content=\"Est. tempo de leitura\" \/>\n\t<meta name=\"twitter:data1\" content=\"1 minuto\" \/>\n<script type=\"application\/ld+json\" class=\"yoast-schema-graph\">{\"@context\":\"https:\/\/schema.org\",\"@graph\":[{\"@type\":\"WebPage\",\"@id\":\"https:\/\/petanjo.com\/blog\/imprensa\/\",\"url\":\"https:\/\/petanjo.com\/blog\/imprensa\/\",\"name\":\"Imprensa - Blog da Pet Anjo\",\"isPartOf\":{\"@id\":\"https:\/\/petanjo.com\/blog\/#website\"},\"datePublished\":\"2023-01-20T19:30:24+00:00\",\"dateModified\":\"2023-04-03T16:21:08+00:00\",\"breadcrumb\":{\"@id\":\"https:\/\/petanjo.com\/blog\/imprensa\/#breadcrumb\"},\"inLanguage\":\"pt-BR\",\"potentialAction\":[{\"@type\":\"ReadAction\",\"target\":[\"https:\/\/petanjo.com\/blog\/imprensa\/\"]}]},{\"@type\":\"BreadcrumbList\",\"@id\":\"https:\/\/petanjo.com\/blog\/imprensa\/#breadcrumb\",\"itemListElement\":[{\"@type\":\"ListItem\",\"position\":1,\"name\":\"Home\",\"item\":\"https:\/\/petanjo.com\/blog\/\"},{\"@type\":\"ListItem\",\"position\":2,\"name\":\"Imprensa\"}]},{\"@type\":\"WebSite\",\"@id\":\"https:\/\/petanjo.com\/blog\/#website\",\"url\":\"https:\/\/petanjo.com\/blog\/\",\"name\":\"Blog da Pet Anjo\",\"description\":\"Tudo que voc\u00ea precisa saber sobre c\u00e3es, gatos e todo o universo pet em um s\u00f3 lugar.\",\"publisher\":{\"@id\":\"https:\/\/petanjo.com\/blog\/#organization\"},\"potentialAction\":[{\"@type\":\"SearchAction\",\"target\":{\"@type\":\"EntryPoint\",\"urlTemplate\":\"https:\/\/petanjo.com\/blog\/?s={search_term_string}\"},\"query-input\":{\"@type\":\"PropertyValueSpecification\",\"valueRequired\":true,\"valueName\":\"search_term_string\"}}],\"inLanguage\":\"pt-BR\"},{\"@type\":\"Organization\",\"@id\":\"https:\/\/petanjo.com\/blog\/#organization\",\"name\":\"Pet Anjo\",\"url\":\"https:\/\/petanjo.com\/blog\/\",\"logo\":{\"@type\":\"ImageObject\",\"inLanguage\":\"pt-BR\",\"@id\":\"https:\/\/petanjo.com\/blog\/#\/schema\/logo\/image\/\",\"url\":\"https:\/\/petanjo.com\/blog\/wp-content\/uploads\/2023\/06\/logo-blog-pet-anjo-3.jpg\",\"contentUrl\":\"https:\/\/petanjo.com\/blog\/wp-content\/uploads\/2023\/06\/logo-blog-pet-anjo-3.jpg\",\"width\":512,\"height\":512,\"caption\":\"Pet Anjo\"},\"image\":{\"@id\":\"https:\/\/petanjo.com\/blog\/#\/schema\/logo\/image\/\"},\"sameAs\":[\"http:\/\/facebook.com\/petanjo\",\"https:\/\/x.com\/petanjo\",\"http:\/\/instagram.com\/petanjo\",\"https:\/\/www.linkedin.com\/company\/pet-anjo\",\"https:\/\/www.youtube.com\/channel\/UCvCg_7bkbqbsokKV3UOqpsg\"]}]}<\/script>\n<!-- \/ Yoast SEO plugin. -->","yoast_head_json":{"title":"Imprensa - Blog da Pet Anjo","robots":{"index":"index","follow":"follow","max-snippet":"max-snippet:-1","max-image-preview":"max-image-preview:large","max-video-preview":"max-video-preview:-1"},"canonical":"https:\/\/petanjo.com\/blog\/imprensa\/","og_locale":"pt_BR","og_type":"article","og_title":"Imprensa - Blog da Pet Anjo","og_description":"Lorem ipsum dolor sit amet, consectetur adipiscing elit. Aenean euismod bibendum laoreet. Proin gravida dolor sit amet lacus accumsan et viverra justo commodo. Proin sodales pulvinar sic tempor. Sociis natoque","og_url":"https:\/\/petanjo.com\/blog\/imprensa\/","og_site_name":"Blog da Pet Anjo","article_publisher":"http:\/\/facebook.com\/petanjo","article_modified_time":"2023-04-03T16:21:08+00:00","twitter_card":"summary_large_image","twitter_site":"@petanjo","twitter_misc":{"Est. tempo de leitura":"1 minuto"},"schema":{"@context":"https:\/\/schema.org","@graph":[{"@type":"WebPage","@id":"https:\/\/petanjo.com\/blog\/imprensa\/","url":"https:\/\/petanjo.com\/blog\/imprensa\/","name":"Imprensa - Blog da Pet Anjo","isPartOf":{"@id":"https:\/\/petanjo.com\/blog\/#website"},"datePublished":"2023-01-20T19:30:24+00:00","dateModified":"2023-04-03T16:21:08+00:00","breadcrumb":{"@id":"https:\/\/petanjo.com\/blog\/imprensa\/#breadcrumb"},"inLanguage":"pt-BR","potentialAction":[{"@type":"ReadAction","target":["https:\/\/petanjo.com\/blog\/imprensa\/"]}]},{"@type":"BreadcrumbList","@id":"https:\/\/petanjo.com\/blog\/imprensa\/#breadcrumb","itemListElement":[{"@type":"ListItem","position":1,"name":"Home","item":"https:\/\/petanjo.com\/blog\/"},{"@type":"ListItem","position":2,"name":"Imprensa"}]},{"@type":"WebSite","@id":"https:\/\/petanjo.com\/blog\/#website","url":"https:\/\/petanjo.com\/blog\/","name":"Blog da Pet Anjo","description":"Tudo que voc\u00ea precisa saber sobre c\u00e3es, gatos e todo o universo pet em um s\u00f3 lugar.","publisher":{"@id":"https:\/\/petanjo.com\/blog\/#organization"},"potentialAction":[{"@type":"SearchAction","target":{"@type":"EntryPoint","urlTemplate":"https:\/\/petanjo.com\/blog\/?s={search_term_string}"},"query-input":{"@type":"PropertyValueSpecification","valueRequired":true,"valueName":"search_term_string"}}],"inLanguage":"pt-BR"},{"@type":"Organization","@id":"https:\/\/petanjo.com\/blog\/#organization","name":"Pet Anjo","url":"https:\/\/petanjo.com\/blog\/","logo":{"@type":"ImageObject","inLanguage":"pt-BR","@id":"https:\/\/petanjo.com\/blog\/#\/schema\/logo\/image\/","url":"https:\/\/petanjo.com\/blog\/wp-content\/uploads\/2023\/06\/logo-blog-pet-anjo-3.jpg","contentUrl":"https:\/\/petanjo.com\/blog\/wp-content\/uploads\/2023\/06\/logo-blog-pet-anjo-3.jpg","width":512,"height":512,"caption":"Pet Anjo"},"image":{"@id":"https:\/\/petanjo.com\/blog\/#\/schema\/logo\/image\/"},"sameAs":["http:\/\/facebook.com\/petanjo","https:\/\/x.com\/petanjo","http:\/\/instagram.com\/petanjo","https:\/\/www.linkedin.com\/company\/pet-anjo","https:\/\/www.youtube.com\/channel\/UCvCg_7bkbqbsokKV3UOqpsg"]}]}},"_links":{"self":[{"href":"https:\/\/petanjo.com\/blog\/wp-json\/wp\/v2\/pages\/288","targetHints":{"allow":["GET"]}}],"collection":[{"href":"https:\/\/petanjo.com\/blog\/wp-json\/wp\/v2\/pages"}],"about":[{"href":"https:\/\/petanjo.com\/blog\/wp-json\/wp\/v2\/types\/page"}],"author":[{"embeddable":true,"href":"https:\/\/petanjo.com\/blog\/wp-json\/wp\/v2\/users\/1"}],"replies":[{"embeddable":true,"href":"https:\/\/petanjo.com\/blog\/wp-json\/wp\/v2\/comments?post=288"}],"version-history":[{"count":2,"href":"https:\/\/petanjo.com\/blog\/wp-json\/wp\/v2\/pages\/288\/revisions"}],"predecessor-version":[{"id":53736,"href":"https:\/\/petanjo.com\/blog\/wp-json\/wp\/v2\/pages\/288\/revisions\/53736"}],"wp:attachment":[{"href":"https:\/\/petanjo.com\/blog\/wp-json\/wp\/v2\/media?parent=288"}],"curies":[{"name":"wp","href":"https:\/\/api.w.org\/{rel}","templated":true}]}}